{"id":56,"date":"2024-06-13T12:24:21","date_gmt":"2024-06-13T15:24:21","guid":{"rendered":"http:\/\/192.168.1.224\/iv\/?page_id=56"},"modified":"2025-01-10T13:42:50","modified_gmt":"2025-01-10T16:42:50","slug":"galeria-de-diretores","status":"publish","type":"page","link":"https:\/\/sistemas.institutoverbena.ufg.br\/iv\/galeria-de-diretores\/","title":{"rendered":"Galeria de Diretores"},"content":{"rendered":"\t\t<div data-elementor-type=\"wp-page\" data-elementor-id=\"56\" class=\"elementor elementor-56\" data-elementor-post-type=\"page\">\n\t\t\t\t<div class=\"elementor-element elementor-element-88ccf7d e-flex e-con-boxed e-con e-parent\" data-id=\"88ccf7d\" data-element_type=\"container\" data-settings=\"{&quot;background_background&quot;:&quot;classic&quot;}\">\n\t\t\t\t\t<div class=\"e-con-inner\">\n\t\t\t\t<div class=\"elementor-element elementor-element-05aa135 elementor-widget elementor-widget-image\" data-id=\"05aa135\" data-element_type=\"widget\" data-widget_type=\"image.default\">\n\t\t\t\t<div class=\"elementor-widget-container\">\n\t\t\t\t\t\t\t\t\t\t\t\t\t\t\t<img fetchpriority=\"high\" decoding=\"async\" width=\"1139\" height=\"188\" src=\"https:\/\/sistemas.institutoverbena.ufg.br\/iv\/wp-content\/uploads\/2024\/06\/GALERIA-DIGITAL-DE-DIRETORES-2-1.png\" class=\"attachment-full size-full wp-image-437\" alt=\"\" srcset=\"https:\/\/sistemas.institutoverbena.ufg.br\/iv\/wp-content\/uploads\/2024\/06\/GALERIA-DIGITAL-DE-DIRETORES-2-1.png 1139w, https:\/\/sistemas.institutoverbena.ufg.br\/iv\/wp-content\/uploads\/2024\/06\/GALERIA-DIGITAL-DE-DIRETORES-2-1-300x50.png 300w, https:\/\/sistemas.institutoverbena.ufg.br\/iv\/wp-content\/uploads\/2024\/06\/GALERIA-DIGITAL-DE-DIRETORES-2-1-1024x169.png 1024w, https:\/\/sistemas.institutoverbena.ufg.br\/iv\/wp-content\/uploads\/2024\/06\/GALERIA-DIGITAL-DE-DIRETORES-2-1-768x127.png 768w\" sizes=\"(max-width: 1139px) 100vw, 1139px\" \/>\t\t\t\t\t\t\t\t\t\t\t\t\t\t\t<\/div>\n\t\t\t\t<\/div>\n\t\t\t\t\t<\/div>\n\t\t\t\t<\/div>\n\t\t<div class=\"elementor-element elementor-element-a6c6c0a e-con-full e-flex e-con e-parent\" data-id=\"a6c6c0a\" data-element_type=\"container\">\n\t\t<div class=\"elementor-element elementor-element-5c6e7c2 e-flex e-con-boxed e-con e-child\" data-id=\"5c6e7c2\" data-element_type=\"container\">\n\t\t\t\t\t<div class=\"e-con-inner\">\n\t\t<div class=\"elementor-element elementor-element-f7318ed e-flex e-con-boxed e-con e-child\" data-id=\"f7318ed\" data-element_type=\"container\">\n\t\t\t\t\t<div class=\"e-con-inner\">\n\t\t\t\t<div class=\"elementor-element elementor-element-27ba8c9 elementor-widget elementor-widget-heading\" data-id=\"27ba8c9\" data-element_type=\"widget\" data-widget_type=\"heading.default\">\n\t\t\t\t<div class=\"elementor-widget-container\">\n\t\t\t\t\t<h2 class=\"elementor-heading-title elementor-size-default\">Diretores DA <span style=\"background-color: var( --e-global-color-3f03043 )\">Comiss\u00e3o Especial do Concurso Vestibular<\/span><span style=\"background-color: var( --e-global-color-3f03043 )\"> (CECV)<\/span><span style=\"background-color: var( --e-global-color-3f03043 )\"><\/span><br><\/h2>\t\t\t\t<\/div>\n\t\t\t\t<\/div>\n\t\t\t\t\t<\/div>\n\t\t\t\t<\/div>\n\t\t<div class=\"elementor-element elementor-element-dbac847 e-grid e-con-boxed e-con e-child\" data-id=\"dbac847\" data-element_type=\"container\">\n\t\t\t\t\t<div class=\"e-con-inner\">\n\t\t<div class=\"elementor-element elementor-element-eb97625 e-flex e-con-boxed e-con e-child\" data-id=\"eb97625\" data-element_type=\"container\">\n\t\t\t\t\t<div class=\"e-con-inner\">\n\t\t\t\t<div class=\"elementor-element elementor-element-6931092 elementor-widget elementor-widget-image\" data-id=\"6931092\" data-element_type=\"widget\" data-widget_type=\"image.default\">\n\t\t\t\t<div class=\"elementor-widget-container\">\n\t\t\t\t\t\t\t\t\t\t\t\t\t\t\t<img decoding=\"async\" width=\"370\" height=\"263\" src=\"https:\/\/sistemas.institutoverbena.ufg.br\/iv\/wp-content\/uploads\/2024\/06\/41.png\" class=\"attachment-large size-large wp-image-689\" alt=\"\" \/>\t\t\t\t\t\t\t\t\t\t\t\t\t\t\t<\/div>\n\t\t\t\t<\/div>\n\t\t\t\t<div class=\"elementor-element elementor-element-f4be88e elementor-widget elementor-widget-heading\" data-id=\"f4be88e\" data-element_type=\"widget\" data-widget_type=\"heading.default\">\n\t\t\t\t<div class=\"elementor-widget-container\">\n\t\t\t\t\t<h2 class=\"elementor-heading-title elementor-size-default\">Peter Fisher<\/h2>\t\t\t\t<\/div>\n\t\t\t\t<\/div>\n\t\t\t\t\t<\/div>\n\t\t\t\t<\/div>\n\t\t<div class=\"elementor-element elementor-element-292b931 e-flex e-con-boxed e-con e-child\" data-id=\"292b931\" data-element_type=\"container\">\n\t\t\t\t\t<div class=\"e-con-inner\">\n\t\t\t\t<div class=\"elementor-element elementor-element-75ba891 elementor-widget elementor-widget-image\" data-id=\"75ba891\" data-element_type=\"widget\" data-widget_type=\"image.default\">\n\t\t\t\t<div class=\"elementor-widget-container\">\n\t\t\t\t\t\t\t\t\t\t\t\t\t\t\t<img decoding=\"async\" width=\"370\" height=\"263\" src=\"https:\/\/sistemas.institutoverbena.ufg.br\/iv\/wp-content\/uploads\/2024\/06\/41.png\" class=\"attachment-large size-large wp-image-689\" alt=\"\" \/>\t\t\t\t\t\t\t\t\t\t\t\t\t\t\t<\/div>\n\t\t\t\t<\/div>\n\t\t\t\t<div class=\"elementor-element elementor-element-5d6c140 elementor-widget elementor-widget-heading\" data-id=\"5d6c140\" data-element_type=\"widget\" data-widget_type=\"heading.default\">\n\t\t\t\t<div class=\"elementor-widget-container\">\n\t\t\t\t\t<h2 class=\"elementor-heading-title elementor-size-default\">Eurico Godoi<\/h2>\t\t\t\t<\/div>\n\t\t\t\t<\/div>\n\t\t\t\t\t<\/div>\n\t\t\t\t<\/div>\n\t\t<div class=\"elementor-element elementor-element-a4f0cbb e-flex e-con-boxed e-con e-child\" data-id=\"a4f0cbb\" data-element_type=\"container\">\n\t\t\t\t\t<div class=\"e-con-inner\">\n\t\t\t\t<div class=\"elementor-element elementor-element-9172119 elementor-widget elementor-widget-image\" data-id=\"9172119\" data-element_type=\"widget\" data-widget_type=\"image.default\">\n\t\t\t\t<div class=\"elementor-widget-container\">\n\t\t\t\t\t\t\t\t\t\t\t\t\t\t\t\t<a href=\"https:\/\/sistemas.institutoverbena.ufg.br\/iv\/mitsuko-okuda\/\">\n\t\t\t\t\t\t\t<img decoding=\"async\" width=\"370\" height=\"263\" src=\"https:\/\/sistemas.institutoverbena.ufg.br\/iv\/wp-content\/uploads\/2024\/06\/42.png\" class=\"attachment-large size-large wp-image-690\" alt=\"\" \/>\t\t\t\t\t\t\t\t<\/a>\n\t\t\t\t\t\t\t\t\t\t\t\t\t\t\t<\/div>\n\t\t\t\t<\/div>\n\t\t\t\t<div class=\"elementor-element elementor-element-8cb97d7 elementor-widget elementor-widget-heading\" data-id=\"8cb97d7\" data-element_type=\"widget\" data-widget_type=\"heading.default\">\n\t\t\t\t<div class=\"elementor-widget-container\">\n\t\t\t\t\t<h2 class=\"elementor-heading-title elementor-size-default\"><a href=\"https:\/\/sistemas.institutoverbena.ufg.br\/iv\/mitsuko-okuda\/\">Maria Mitsuko Okuda<\/a><\/h2>\t\t\t\t<\/div>\n\t\t\t\t<\/div>\n\t\t\t\t<div class=\"elementor-element elementor-element-a1737f7 elementor-widget elementor-widget-heading\" data-id=\"a1737f7\" data-element_type=\"widget\" data-widget_type=\"heading.default\">\n\t\t\t\t<div class=\"elementor-widget-container\">\n\t\t\t\t\t<h2 class=\"elementor-heading-title elementor-size-default\"><a href=\"https:\/\/sistemas.institutoverbena.ufg.br\/iv\/mitsuko-okuda\/\">Gest\u00e3o: 1990 - 1994<\/a><\/h2>\t\t\t\t<\/div>\n\t\t\t\t<\/div>\n\t\t\t\t\t<\/div>\n\t\t\t\t<\/div>\n\t\t<div class=\"elementor-element elementor-element-1dbfe92 e-flex e-con-boxed e-con e-child\" data-id=\"1dbfe92\" data-element_type=\"container\">\n\t\t\t\t\t<div class=\"e-con-inner\">\n\t\t\t\t<div class=\"elementor-element elementor-element-65fe995 elementor-widget elementor-widget-image\" data-id=\"65fe995\" data-element_type=\"widget\" data-widget_type=\"image.default\">\n\t\t\t\t<div class=\"elementor-widget-container\">\n\t\t\t\t\t\t\t\t\t\t\t\t\t\t\t\t<a href=\"https:\/\/sistemas.institutoverbena.ufg.br\/iv\/ilka-maria\/\">\n\t\t\t\t\t\t\t<img loading=\"lazy\" decoding=\"async\" width=\"370\" height=\"263\" src=\"https:\/\/sistemas.institutoverbena.ufg.br\/iv\/wp-content\/uploads\/2024\/06\/39.png\" class=\"attachment-large size-large wp-image-691\" alt=\"\" \/>\t\t\t\t\t\t\t\t<\/a>\n\t\t\t\t\t\t\t\t\t\t\t\t\t\t\t<\/div>\n\t\t\t\t<\/div>\n\t\t\t\t<div class=\"elementor-element elementor-element-924411d elementor-widget elementor-widget-heading\" data-id=\"924411d\" data-element_type=\"widget\" data-widget_type=\"heading.default\">\n\t\t\t\t<div class=\"elementor-widget-container\">\n\t\t\t\t\t<h2 class=\"elementor-heading-title elementor-size-default\"><a href=\"https:\/\/sistemas.institutoverbena.ufg.br\/iv\/ilka-maria\/\">Ilka Maria de A. Moreira<\/a><\/h2>\t\t\t\t<\/div>\n\t\t\t\t<\/div>\n\t\t\t\t<div class=\"elementor-element elementor-element-6455792 elementor-widget elementor-widget-heading\" data-id=\"6455792\" data-element_type=\"widget\" data-widget_type=\"heading.default\">\n\t\t\t\t<div class=\"elementor-widget-container\">\n\t\t\t\t\t<h2 class=\"elementor-heading-title elementor-size-default\">Gest\u00e3o: 1994<\/h2>\t\t\t\t<\/div>\n\t\t\t\t<\/div>\n\t\t\t\t\t<\/div>\n\t\t\t\t<\/div>\n\t\t<div class=\"elementor-element elementor-element-6ac87c9 e-flex e-con-boxed e-con e-child\" data-id=\"6ac87c9\" data-element_type=\"container\">\n\t\t\t\t\t<div class=\"e-con-inner\">\n\t\t\t\t<div class=\"elementor-element elementor-element-26c1312 elementor-widget elementor-widget-image\" data-id=\"26c1312\" data-element_type=\"widget\" data-widget_type=\"image.default\">\n\t\t\t\t<div class=\"elementor-widget-container\">\n\t\t\t\t\t\t\t\t\t\t\t\t\t\t\t<img decoding=\"async\" width=\"370\" height=\"263\" src=\"https:\/\/sistemas.institutoverbena.ufg.br\/iv\/wp-content\/uploads\/2024\/06\/41.png\" class=\"attachment-large size-large wp-image-689\" alt=\"\" \/>\t\t\t\t\t\t\t\t\t\t\t\t\t\t\t<\/div>\n\t\t\t\t<\/div>\n\t\t\t\t<div class=\"elementor-element elementor-element-8a798b8 elementor-widget elementor-widget-heading\" data-id=\"8a798b8\" data-element_type=\"widget\" data-widget_type=\"heading.default\">\n\t\t\t\t<div class=\"elementor-widget-container\">\n\t\t\t\t\t<h2 class=\"elementor-heading-title elementor-size-default\">Mar\u00edlia Lara do A. de Oliveira<\/h2>\t\t\t\t<\/div>\n\t\t\t\t<\/div>\n\t\t\t\t<div class=\"elementor-element elementor-element-1c52416 elementor-widget elementor-widget-heading\" data-id=\"1c52416\" data-element_type=\"widget\" data-widget_type=\"heading.default\">\n\t\t\t\t<div class=\"elementor-widget-container\">\n\t\t\t\t\t<h2 class=\"elementor-heading-title elementor-size-default\">Gest\u00e3o: 1994 - 1998<\/h2>\t\t\t\t<\/div>\n\t\t\t\t<\/div>\n\t\t\t\t\t<\/div>\n\t\t\t\t<\/div>\n\t\t\t\t\t<\/div>\n\t\t\t\t<\/div>\n\t\t\t\t\t<\/div>\n\t\t\t\t<\/div>\n\t\t<div class=\"elementor-element elementor-element-17ba510 e-flex e-con-boxed e-con e-child\" data-id=\"17ba510\" data-element_type=\"container\">\n\t\t\t\t\t<div class=\"e-con-inner\">\n\t\t<div class=\"elementor-element elementor-element-88cef05 e-flex e-con-boxed e-con e-child\" data-id=\"88cef05\" data-element_type=\"container\">\n\t\t\t\t\t<div class=\"e-con-inner\">\n\t\t\t\t<div class=\"elementor-element elementor-element-5e69e58 elementor-widget elementor-widget-heading\" data-id=\"5e69e58\" data-element_type=\"widget\" data-widget_type=\"heading.default\">\n\t\t\t\t<div class=\"elementor-widget-container\">\n\t\t\t\t\t<h2 class=\"elementor-heading-title elementor-size-default\">Diretores DO <span style=\"background-color: var( --e-global-color-3f03043 )\">Centro de Sele\u00e7\u00e3o <\/span><span style=\"background-color: var( --e-global-color-3f03043 )\">(CS)<\/span><span style=\"background-color: var( --e-global-color-3f03043 )\"><\/span><br><\/h2>\t\t\t\t<\/div>\n\t\t\t\t<\/div>\n\t\t\t\t\t<\/div>\n\t\t\t\t<\/div>\n\t\t<div class=\"elementor-element elementor-element-d3f11c0 e-grid e-con-boxed e-con e-child\" data-id=\"d3f11c0\" data-element_type=\"container\">\n\t\t\t\t\t<div class=\"e-con-inner\">\n\t\t<div class=\"elementor-element elementor-element-3fb8139 e-flex e-con-boxed e-con e-child\" data-id=\"3fb8139\" data-element_type=\"container\">\n\t\t\t\t\t<div class=\"e-con-inner\">\n\t\t\t\t<div class=\"elementor-element elementor-element-6a0ddc6 elementor-widget elementor-widget-image\" data-id=\"6a0ddc6\" data-element_type=\"widget\" data-widget_type=\"image.default\">\n\t\t\t\t<div class=\"elementor-widget-container\">\n\t\t\t\t\t\t\t\t\t\t\t\t\t\t\t\t<a href=\"https:\/\/sistemas.institutoverbena.ufg.br\/iv\/carlos-tanezini\/\">\n\t\t\t\t\t\t\t<img loading=\"lazy\" decoding=\"async\" width=\"370\" height=\"263\" src=\"https:\/\/sistemas.institutoverbena.ufg.br\/iv\/wp-content\/uploads\/2024\/06\/Fotos-equipe-20-1.png\" class=\"attachment-large size-large wp-image-930\" alt=\"\" \/>\t\t\t\t\t\t\t\t<\/a>\n\t\t\t\t\t\t\t\t\t\t\t\t\t\t\t<\/div>\n\t\t\t\t<\/div>\n\t\t\t\t<div class=\"elementor-element elementor-element-b82ec9d elementor-widget elementor-widget-heading\" data-id=\"b82ec9d\" data-element_type=\"widget\" data-widget_type=\"heading.default\">\n\t\t\t\t<div class=\"elementor-widget-container\">\n\t\t\t\t\t<h2 class=\"elementor-heading-title elementor-size-default\"><a href=\"https:\/\/sistemas.institutoverbena.ufg.br\/iv\/carlos-tanezini\/\">Carlos Tenezini<\/a><\/h2>\t\t\t\t<\/div>\n\t\t\t\t<\/div>\n\t\t\t\t<div class=\"elementor-element elementor-element-068833a elementor-widget elementor-widget-heading\" data-id=\"068833a\" data-element_type=\"widget\" data-widget_type=\"heading.default\">\n\t\t\t\t<div class=\"elementor-widget-container\">\n\t\t\t\t\t<h2 class=\"elementor-heading-title elementor-size-default\">Gest\u00e3o: 1998 -  2003<\/h2>\t\t\t\t<\/div>\n\t\t\t\t<\/div>\n\t\t\t\t\t<\/div>\n\t\t\t\t<\/div>\n\t\t<div class=\"elementor-element elementor-element-e490c8b e-flex e-con-boxed e-con e-child\" data-id=\"e490c8b\" data-element_type=\"container\">\n\t\t\t\t\t<div class=\"e-con-inner\">\n\t\t\t\t<div class=\"elementor-element elementor-element-2b6bfb9 elementor-widget elementor-widget-image\" data-id=\"2b6bfb9\" data-element_type=\"widget\" data-widget_type=\"image.default\">\n\t\t\t\t<div class=\"elementor-widget-container\">\n\t\t\t\t\t\t\t\t\t\t\t\t\t\t\t\t<a href=\"https:\/\/sistemas.institutoverbena.ufg.br\/iv\/gisele-guimaraes\/\">\n\t\t\t\t\t\t\t<img loading=\"lazy\" decoding=\"async\" width=\"370\" height=\"263\" src=\"https:\/\/sistemas.institutoverbena.ufg.br\/iv\/wp-content\/uploads\/2024\/06\/40.png\" class=\"attachment-large size-large wp-image-692\" alt=\"\" \/>\t\t\t\t\t\t\t\t<\/a>\n\t\t\t\t\t\t\t\t\t\t\t\t\t\t\t<\/div>\n\t\t\t\t<\/div>\n\t\t\t\t<div class=\"elementor-element elementor-element-365d03f elementor-widget elementor-widget-heading\" data-id=\"365d03f\" data-element_type=\"widget\" data-widget_type=\"heading.default\">\n\t\t\t\t<div class=\"elementor-widget-container\">\n\t\t\t\t\t<h2 class=\"elementor-heading-title elementor-size-default\"><a href=\"https:\/\/sistemas.institutoverbena.ufg.br\/iv\/gisele-guimaraes\/\">Gisele Guimar\u00e3es<\/a><\/h2>\t\t\t\t<\/div>\n\t\t\t\t<\/div>\n\t\t\t\t<div class=\"elementor-element elementor-element-fd6a0dc elementor-widget elementor-widget-heading\" data-id=\"fd6a0dc\" data-element_type=\"widget\" data-widget_type=\"heading.default\">\n\t\t\t\t<div class=\"elementor-widget-container\">\n\t\t\t\t\t<h2 class=\"elementor-heading-title elementor-size-default\">Gest\u00e3o: 2003 - 2006<\/h2>\t\t\t\t<\/div>\n\t\t\t\t<\/div>\n\t\t\t\t\t<\/div>\n\t\t\t\t<\/div>\n\t\t<div class=\"elementor-element elementor-element-eef8ca2 e-flex e-con-boxed e-con e-child\" data-id=\"eef8ca2\" data-element_type=\"container\">\n\t\t\t\t\t<div class=\"e-con-inner\">\n\t\t\t\t<div class=\"elementor-element elementor-element-549b8b6 elementor-widget elementor-widget-image\" data-id=\"549b8b6\" data-element_type=\"widget\" data-widget_type=\"image.default\">\n\t\t\t\t<div class=\"elementor-widget-container\">\n\t\t\t\t\t\t\t\t\t\t\t\t\t\t\t\t<a href=\"https:\/\/sistemas.institutoverbena.ufg.br\/iv\/verbena-lisita\/\">\n\t\t\t\t\t\t\t<img loading=\"lazy\" decoding=\"async\" width=\"370\" height=\"263\" src=\"https:\/\/sistemas.institutoverbena.ufg.br\/iv\/wp-content\/uploads\/2024\/06\/38.png\" class=\"attachment-large size-large wp-image-693\" alt=\"\" \/>\t\t\t\t\t\t\t\t<\/a>\n\t\t\t\t\t\t\t\t\t\t\t\t\t\t\t<\/div>\n\t\t\t\t<\/div>\n\t\t\t\t<div class=\"elementor-element elementor-element-599593c elementor-widget elementor-widget-heading\" data-id=\"599593c\" data-element_type=\"widget\" data-widget_type=\"heading.default\">\n\t\t\t\t<div class=\"elementor-widget-container\">\n\t\t\t\t\t<h2 class=\"elementor-heading-title elementor-size-default\"><a href=\"https:\/\/sistemas.institutoverbena.ufg.br\/iv\/verbena-lisita\/\">Verbena M. S. de Souza Lisita<\/a><\/h2>\t\t\t\t<\/div>\n\t\t\t\t<\/div>\n\t\t\t\t<div class=\"elementor-element elementor-element-119bc23 elementor-widget elementor-widget-heading\" data-id=\"119bc23\" data-element_type=\"widget\" data-widget_type=\"heading.default\">\n\t\t\t\t<div class=\"elementor-widget-container\">\n\t\t\t\t\t<h2 class=\"elementor-heading-title elementor-size-default\">Gest\u00e3o: 2006 - 2007<\/h2>\t\t\t\t<\/div>\n\t\t\t\t<\/div>\n\t\t\t\t\t<\/div>\n\t\t\t\t<\/div>\n\t\t<div class=\"elementor-element elementor-element-f17ca17 e-flex e-con-boxed e-con e-child\" data-id=\"f17ca17\" data-element_type=\"container\">\n\t\t\t\t\t<div class=\"e-con-inner\">\n\t\t\t\t<div class=\"elementor-element elementor-element-b7dc8ea elementor-widget elementor-widget-image\" data-id=\"b7dc8ea\" data-element_type=\"widget\" data-widget_type=\"image.default\">\n\t\t\t\t<div class=\"elementor-widget-container\">\n\t\t\t\t\t\t\t\t\t\t\t\t\t\t\t\t<a href=\"https:\/\/sistemas.institutoverbena.ufg.br\/iv\/luciana-de-sousa\/\">\n\t\t\t\t\t\t\t<img loading=\"lazy\" decoding=\"async\" width=\"370\" height=\"263\" src=\"https:\/\/sistemas.institutoverbena.ufg.br\/iv\/wp-content\/uploads\/2024\/06\/37.png\" class=\"attachment-large size-large wp-image-694\" alt=\"\" \/>\t\t\t\t\t\t\t\t<\/a>\n\t\t\t\t\t\t\t\t\t\t\t\t\t\t\t<\/div>\n\t\t\t\t<\/div>\n\t\t\t\t<div class=\"elementor-element elementor-element-4202fc0 elementor-widget elementor-widget-heading\" data-id=\"4202fc0\" data-element_type=\"widget\" data-widget_type=\"heading.default\">\n\t\t\t\t<div class=\"elementor-widget-container\">\n\t\t\t\t\t<h2 class=\"elementor-heading-title elementor-size-default\"><a href=\"https:\/\/sistemas.institutoverbena.ufg.br\/iv\/luciana-de-sousa\/\">Luciana Freire E. C. P de Sousa<\/a><\/h2>\t\t\t\t<\/div>\n\t\t\t\t<\/div>\n\t\t\t\t<div class=\"elementor-element elementor-element-8efcacf elementor-widget elementor-widget-heading\" data-id=\"8efcacf\" data-element_type=\"widget\" data-widget_type=\"heading.default\">\n\t\t\t\t<div class=\"elementor-widget-container\">\n\t\t\t\t\t<h2 class=\"elementor-heading-title elementor-size-default\">Gest\u00e3o: 2007 - 2014<\/h2>\t\t\t\t<\/div>\n\t\t\t\t<\/div>\n\t\t\t\t\t<\/div>\n\t\t\t\t<\/div>\n\t\t<div class=\"elementor-element elementor-element-25b8dfd e-flex e-con-boxed e-con e-child\" data-id=\"25b8dfd\" data-element_type=\"container\">\n\t\t\t\t\t<div class=\"e-con-inner\">\n\t\t\t\t<div class=\"elementor-element elementor-element-08e6534 elementor-widget elementor-widget-image\" data-id=\"08e6534\" data-element_type=\"widget\" data-widget_type=\"image.default\">\n\t\t\t\t<div class=\"elementor-widget-container\">\n\t\t\t\t\t\t\t\t\t\t\t\t\t\t\t\t<a href=\"https:\/\/sistemas.institutoverbena.ufg.br\/iv\/wagner-wilson\/\">\n\t\t\t\t\t\t\t<img loading=\"lazy\" decoding=\"async\" width=\"370\" height=\"263\" src=\"https:\/\/sistemas.institutoverbena.ufg.br\/iv\/wp-content\/uploads\/2024\/06\/36.png\" class=\"attachment-large size-large wp-image-695\" alt=\"\" \/>\t\t\t\t\t\t\t\t<\/a>\n\t\t\t\t\t\t\t\t\t\t\t\t\t\t\t<\/div>\n\t\t\t\t<\/div>\n\t\t\t\t<div class=\"elementor-element elementor-element-4e2e02c elementor-widget elementor-widget-heading\" data-id=\"4e2e02c\" data-element_type=\"widget\" data-widget_type=\"heading.default\">\n\t\t\t\t<div class=\"elementor-widget-container\">\n\t\t\t\t\t<h2 class=\"elementor-heading-title elementor-size-default\">Wagner Wilson<\/h2>\t\t\t\t<\/div>\n\t\t\t\t<\/div>\n\t\t\t\t<div class=\"elementor-element elementor-element-481f221 elementor-widget elementor-widget-heading\" data-id=\"481f221\" data-element_type=\"widget\" data-widget_type=\"heading.default\">\n\t\t\t\t<div class=\"elementor-widget-container\">\n\t\t\t\t\t<h2 class=\"elementor-heading-title elementor-size-default\">Gest\u00e3o: 2014 - 2018<\/h2>\t\t\t\t<\/div>\n\t\t\t\t<\/div>\n\t\t\t\t\t<\/div>\n\t\t\t\t<\/div>\n\t\t<div class=\"elementor-element elementor-element-16a84a5 e-flex e-con-boxed e-con e-child\" data-id=\"16a84a5\" data-element_type=\"container\">\n\t\t\t\t\t<div class=\"e-con-inner\">\n\t\t\t\t<div class=\"elementor-element elementor-element-13a9b0e elementor-widget elementor-widget-image\" data-id=\"13a9b0e\" data-element_type=\"widget\" data-widget_type=\"image.default\">\n\t\t\t\t<div class=\"elementor-widget-container\">\n\t\t\t\t\t\t\t\t\t\t\t\t\t\t\t\t<a href=\"https:\/\/sistemas.institutoverbena.ufg.br\/iv\/geovana-reis\/\">\n\t\t\t\t\t\t\t<img loading=\"lazy\" decoding=\"async\" width=\"370\" height=\"263\" src=\"https:\/\/sistemas.institutoverbena.ufg.br\/iv\/wp-content\/uploads\/2024\/06\/43.png\" class=\"attachment-large size-large wp-image-696\" alt=\"\" \/>\t\t\t\t\t\t\t\t<\/a>\n\t\t\t\t\t\t\t\t\t\t\t\t\t\t\t<\/div>\n\t\t\t\t<\/div>\n\t\t\t\t<div class=\"elementor-element elementor-element-b802b97 elementor-widget elementor-widget-heading\" data-id=\"b802b97\" data-element_type=\"widget\" data-widget_type=\"heading.default\">\n\t\t\t\t<div class=\"elementor-widget-container\">\n\t\t\t\t\t<h2 class=\"elementor-heading-title elementor-size-default\"><a href=\"https:\/\/sistemas.institutoverbena.ufg.br\/iv\/geovana-reis\/\">Geovana Reis<\/a><\/h2>\t\t\t\t<\/div>\n\t\t\t\t<\/div>\n\t\t\t\t<div class=\"elementor-element elementor-element-e7117c9 elementor-widget elementor-widget-heading\" data-id=\"e7117c9\" data-element_type=\"widget\" data-widget_type=\"heading.default\">\n\t\t\t\t<div class=\"elementor-widget-container\">\n\t\t\t\t\t<h2 class=\"elementor-heading-title elementor-size-default\">Gest\u00e3o: 2018 - 2022<\/h2>\t\t\t\t<\/div>\n\t\t\t\t<\/div>\n\t\t\t\t\t<\/div>\n\t\t\t\t<\/div>\n\t\t\t\t\t<\/div>\n\t\t\t\t<\/div>\n\t\t\t\t\t<\/div>\n\t\t\t\t<\/div>\n\t\t\t\t<\/div>\n\t\t\t\t<\/div>\n\t\t","protected":false},"excerpt":{"rendered":"<p>Diretores DA Comiss\u00e3o Especial do Concurso Vestibular (CECV) Peter Fisher Eurico Godoi Maria Mitsuko Okuda Gest\u00e3o: 1990 &#8211; 1994 Ilka Maria de A. Moreira Gest\u00e3o: 1994 Mar\u00edlia Lara do A. de Oliveira Gest\u00e3o: 1994 &#8211; 1998 Diretores DO Centro de Sele\u00e7\u00e3o (CS) Carlos Tenezini Gest\u00e3o: 1998 &#8211; 2003 Gisele Guimar\u00e3es Gest\u00e3o: 2003 &#8211; 2006 Verbena [&hellip;]<\/p>\n","protected":false},"author":1,"featured_media":0,"parent":0,"menu_order":0,"comment_status":"closed","ping_status":"closed","template":"elementor_canvas","meta":{"footnotes":""},"class_list":["post-56","page","type-page","status-publish","hentry"],"_links":{"self":[{"href":"https:\/\/sistemas.institutoverbena.ufg.br\/iv\/wp-json\/wp\/v2\/pages\/56","targetHints":{"allow":["GET"]}}],"collection":[{"href":"https:\/\/sistemas.institutoverbena.ufg.br\/iv\/wp-json\/wp\/v2\/pages"}],"about":[{"href":"https:\/\/sistemas.institutoverbena.ufg.br\/iv\/wp-json\/wp\/v2\/types\/page"}],"author":[{"embeddable":true,"href":"https:\/\/sistemas.institutoverbena.ufg.br\/iv\/wp-json\/wp\/v2\/users\/1"}],"replies":[{"embeddable":true,"href":"https:\/\/sistemas.institutoverbena.ufg.br\/iv\/wp-json\/wp\/v2\/comments?post=56"}],"version-history":[{"count":133,"href":"https:\/\/sistemas.institutoverbena.ufg.br\/iv\/wp-json\/wp\/v2\/pages\/56\/revisions"}],"predecessor-version":[{"id":1213,"href":"https:\/\/sistemas.institutoverbena.ufg.br\/iv\/wp-json\/wp\/v2\/pages\/56\/revisions\/1213"}],"wp:attachment":[{"href":"https:\/\/sistemas.institutoverbena.ufg.br\/iv\/wp-json\/wp\/v2\/media?parent=56"}],"curies":[{"name":"wp","href":"https:\/\/api.w.org\/{rel}","templated":true}]}}