{"id":23,"date":"2024-06-10T15:29:00","date_gmt":"2024-06-10T18:29:00","guid":{"rendered":"http:\/\/192.168.1.224\/iv\/?page_id=23"},"modified":"2024-07-01T14:29:04","modified_gmt":"2024-07-01T17:29:04","slug":"projeto-fatos-e-fotos","status":"publish","type":"page","link":"https:\/\/sistemas.institutoverbena.ufg.br\/iv\/projeto-fatos-e-fotos\/","title":{"rendered":"Projeto  Fatos e Fotos"},"content":{"rendered":"\t\t<div data-elementor-type=\"wp-page\" data-elementor-id=\"23\" class=\"elementor elementor-23\" data-elementor-post-type=\"page\">\n\t\t\t\t<div class=\"elementor-element elementor-element-7d7f14b e-flex e-con-boxed e-con e-parent\" data-id=\"7d7f14b\" data-element_type=\"container\" data-settings=\"{&quot;background_background&quot;:&quot;classic&quot;}\">\n\t\t\t\t\t<div class=\"e-con-inner\">\n\t\t<div class=\"elementor-element elementor-element-d93d241 e-con-full e-flex e-con e-child\" data-id=\"d93d241\" data-element_type=\"container\">\n\t\t\t\t<div class=\"elementor-element elementor-element-854fb34 elementor-widget elementor-widget-image\" data-id=\"854fb34\" data-element_type=\"widget\" data-widget_type=\"image.default\">\n\t\t\t\t<div class=\"elementor-widget-container\">\n\t\t\t\t\t\t\t\t\t\t\t\t\t\t\t<img fetchpriority=\"high\" decoding=\"async\" width=\"800\" height=\"414\" src=\"https:\/\/sistemas.institutoverbena.ufg.br\/iv\/wp-content\/uploads\/2024\/06\/Gestao-1998-ate-2003_-15.png\" class=\"attachment-large size-large wp-image-777\" alt=\"\" \/>\t\t\t\t\t\t\t\t\t\t\t\t\t\t\t<\/div>\n\t\t\t\t<\/div>\n\t\t\t\t<\/div>\n\t\t\t\t\t<\/div>\n\t\t\t\t<\/div>\n\t\t<div class=\"elementor-element elementor-element-8782f78 e-flex e-con-boxed e-con e-parent\" data-id=\"8782f78\" data-element_type=\"container\">\n\t\t\t\t\t<div class=\"e-con-inner\">\n\t\t<div class=\"elementor-element elementor-element-41f94d6 e-flex e-con-boxed e-con e-child\" data-id=\"41f94d6\" data-element_type=\"container\">\n\t\t\t\t\t<div class=\"e-con-inner\">\n\t\t\t\t<div class=\"elementor-element elementor-element-002b826 elementor-widget elementor-widget-heading\" data-id=\"002b826\" data-element_type=\"widget\" data-widget_type=\"heading.default\">\n\t\t\t\t<div class=\"elementor-widget-container\">\n\t\t\t\t\t<h2 class=\"elementor-heading-title elementor-size-default\">Sobre o projeto<\/h2>\t\t\t\t<\/div>\n\t\t\t\t<\/div>\n\t\t\t\t<div class=\"elementor-element elementor-element-d3210c7 elementor-widget elementor-widget-text-editor\" data-id=\"d3210c7\" data-element_type=\"widget\" data-widget_type=\"text-editor.default\">\n\t\t\t\t<div class=\"elementor-widget-container\">\n\t\t\t\t\t\t\t\t\t<p>\u00a0<\/p><p dir=\"ltr\" style=\"line-height: 1.7999999999999998; text-align: justify; margin-top: 0pt; margin-bottom: 0pt;\"><span style=\"color: #000000; font-family: Arial, sans-serif;\"><span style=\"white-space-collapse: preserve;\">Fatos e Fotos prop\u00f5e resgatar a hist\u00f3ria da Comiss\u00e3o Especial do Concurso Vestibular (CECV), do Centro de Sele\u00e7\u00e3o (CS) e registrar a trajet\u00f3ria do Instituto Verbena\/UFG (IV\/UFG). Este projeto tem como principal objetivo preservar a mem\u00f3ria, celebrar legados e fortalecer o senso de identidade institucional da UFG. Para fazer este resgate utilizamos de metodologias como pesquisa bibliogr\u00e1fica, entrevistas e an\u00e1lise documental para compreender as hist\u00f3rias e o impacto deste \u00f3rg\u00e3o, hoje denominado Instituto Verbena\/UFG. <\/span><\/span><\/p><p dir=\"ltr\" style=\"line-height: 1.7999999999999998; text-align: justify; margin-top: 0pt; margin-bottom: 0pt;\"><span style=\"color: #000000; font-family: Arial, sans-serif;\"><span style=\"white-space-collapse: preserve;\">\u00a0<\/span><\/span><\/p><p dir=\"ltr\" style=\"line-height: 1.7999999999999998; text-align: justify; margin-top: 0pt; margin-bottom: 0pt;\"><span style=\"color: #000000; font-family: Arial, sans-serif;\"><span style=\"white-space-collapse: preserve;\">O primeiro vestibular da Universidade Federal de Goi\u00e1s foi aplicado em 1971, desde ent\u00e3o foi criada a CECV. Em 2000, ap\u00f3s a CECV aumentar sua gama de trabalho para al\u00e9m dos vestibulares, foi necess\u00e1ria a mudan\u00e7a de nome, objetivo, miss\u00e3o, vis\u00e3o e valores, e assim a Comiss\u00e3o Especial do Concurso Vestibular se torna Centro de Sele\u00e7\u00e3o. Em 2022, com o objetivo de atingir todo o territ\u00f3rio nacional e diversificar os projetos executados, a gest\u00e3o superior decidiu pela transi\u00e7\u00e3o do Centro de Sele\u00e7\u00e3o para Instituto Verbena\/UFG. <\/span><\/span><\/p>\t\t\t\t\t\t\t\t<\/div>\n\t\t\t\t<\/div>\n\t\t\t\t\t<\/div>\n\t\t\t\t<\/div>\n\t\t<div class=\"elementor-element elementor-element-e3e8ce4 e-flex e-con-boxed e-con e-child\" data-id=\"e3e8ce4\" data-element_type=\"container\">\n\t\t\t\t\t<div class=\"e-con-inner\">\n\t\t\t\t<div class=\"elementor-element elementor-element-0d181e6 elementor-widget elementor-widget-image\" data-id=\"0d181e6\" data-element_type=\"widget\" data-widget_type=\"image.default\">\n\t\t\t\t<div class=\"elementor-widget-container\">\n\t\t\t\t\t\t\t\t\t\t\t\t\t\t\t<img decoding=\"async\" width=\"800\" height=\"451\" src=\"https:\/\/sistemas.institutoverbena.ufg.br\/iv\/wp-content\/uploads\/2024\/06\/fachadaiv-1024x577.jpeg\" class=\"attachment-large size-large wp-image-43\" alt=\"\" srcset=\"https:\/\/sistemas.institutoverbena.ufg.br\/iv\/wp-content\/uploads\/2024\/06\/fachadaiv-1024x577.jpeg 1024w, https:\/\/sistemas.institutoverbena.ufg.br\/iv\/wp-content\/uploads\/2024\/06\/fachadaiv-300x169.jpeg 300w, https:\/\/sistemas.institutoverbena.ufg.br\/iv\/wp-content\/uploads\/2024\/06\/fachadaiv-768x432.jpeg 768w, https:\/\/sistemas.institutoverbena.ufg.br\/iv\/wp-content\/uploads\/2024\/06\/fachadaiv-1536x865.jpeg 1536w, https:\/\/sistemas.institutoverbena.ufg.br\/iv\/wp-content\/uploads\/2024\/06\/fachadaiv.jpeg 1600w\" sizes=\"(max-width: 800px) 100vw, 800px\" \/>\t\t\t\t\t\t\t\t\t\t\t\t\t\t\t<\/div>\n\t\t\t\t<\/div>\n\t\t\t\t\t<\/div>\n\t\t\t\t<\/div>\n\t\t\t\t\t<\/div>\n\t\t\t\t<\/div>\n\t\t<div class=\"elementor-element elementor-element-2db9710 e-flex e-con-boxed e-con e-parent\" data-id=\"2db9710\" data-element_type=\"container\">\n\t\t\t\t\t<div class=\"e-con-inner\">\n\t\t<div class=\"elementor-element elementor-element-18feb87 e-flex e-con-boxed e-con e-child\" data-id=\"18feb87\" data-element_type=\"container\">\n\t\t\t\t\t<div class=\"e-con-inner\">\n\t\t\t\t<div class=\"elementor-element elementor-element-640a04a elementor-widget elementor-widget-heading\" data-id=\"640a04a\" data-element_type=\"widget\" data-widget_type=\"heading.default\">\n\t\t\t\t<div class=\"elementor-widget-container\">\n\t\t\t\t\t<h2 class=\"elementor-heading-title elementor-size-default\">Instituto Verbena\/UFG<\/h2>\t\t\t\t<\/div>\n\t\t\t\t<\/div>\n\t\t\t\t<div class=\"elementor-element elementor-element-7cda360 elementor-widget elementor-widget-text-editor\" data-id=\"7cda360\" data-element_type=\"widget\" data-widget_type=\"text-editor.default\">\n\t\t\t\t<div class=\"elementor-widget-container\">\n\t\t\t\t\t\t\t\t\t<p><\/p>\n<p dir=\"ltr\" style=\"line-height: 1.7999999999999998; text-align: justify; margin-top: 0pt; margin-bottom: 0pt;\"><span style=\"font-size: 12pt; font-family: Arial,sans-serif; color: #000000; background-color: transparent; font-weight: 400; font-style: normal; font-variant: normal; text-decoration: none; vertical-align: baseline; white-space: pre-wrap;\">O Instituto Verbena\/UFG \u00e9 um \u00f3rg\u00e3o vinculado \u00e0 reitoria da Universidade Federal de Goi\u00e1s. Este \u00f3rg\u00e3o prop\u00f5e-se a realizar, com excel\u00eancia, processos de sele\u00e7\u00e3o, avalia\u00e7\u00e3o, forma\u00e7\u00e3o, qualifica\u00e7\u00e3o e pesquisa, para a administra\u00e7\u00e3o p\u00fablica, empresas e outras organiza\u00e7\u00f5es da sociedade, nos \u00e2mbitos nacional, regionais, estaduais, distrital e municipais. Para que isso seja poss\u00edvel \u00e9 necess\u00e1rio preservar essa trajet\u00f3ria atual e resgatar a mem\u00f3ria e a hist\u00f3ria de quem nos antecedeu.<\/span><\/p>\t\t\t\t\t\t\t\t<\/div>\n\t\t\t\t<\/div>\n\t\t\t\t\t<\/div>\n\t\t\t\t<\/div>\n\t\t<div class=\"elementor-element elementor-element-48a9aea e-flex e-con-boxed e-con e-child\" data-id=\"48a9aea\" data-element_type=\"container\">\n\t\t\t\t\t<div class=\"e-con-inner\">\n\t\t\t\t<div class=\"elementor-element elementor-element-92c0314 elementor-widget elementor-widget-image\" data-id=\"92c0314\" data-element_type=\"widget\" data-widget_type=\"image.default\">\n\t\t\t\t<div class=\"elementor-widget-container\">\n\t\t\t\t\t\t\t\t\t\t\t\t\t\t\t<img decoding=\"async\" width=\"370\" height=\"263\" src=\"https:\/\/sistemas.institutoverbena.ufg.br\/iv\/wp-content\/uploads\/2024\/06\/exhi-bition-4.png\" class=\"attachment-full size-full wp-image-967\" alt=\"\" \/>\t\t\t\t\t\t\t\t\t\t\t\t\t\t\t<\/div>\n\t\t\t\t<\/div>\n\t\t\t\t\t<\/div>\n\t\t\t\t<\/div>\n\t\t\t\t\t<\/div>\n\t\t\t\t<\/div>\n\t\t<div class=\"elementor-element elementor-element-07ddc06 e-flex e-con-boxed e-con e-parent\" data-id=\"07ddc06\" data-element_type=\"container\">\n\t\t\t\t\t<div class=\"e-con-inner\">\n\t\t<div class=\"elementor-element elementor-element-33c8ffd e-con-full e-flex e-con e-child\" data-id=\"33c8ffd\" data-element_type=\"container\">\n\t\t\t\t<div class=\"elementor-element elementor-element-3a48db4 elementor-widget elementor-widget-image\" data-id=\"3a48db4\" data-element_type=\"widget\" data-widget_type=\"image.default\">\n\t\t\t\t<div class=\"elementor-widget-container\">\n\t\t\t\t\t\t\t\t\t\t\t\t\t\t\t<img loading=\"lazy\" decoding=\"async\" width=\"370\" height=\"263\" src=\"https:\/\/sistemas.institutoverbena.ufg.br\/iv\/wp-content\/uploads\/2024\/06\/exhi-bition-2-1.png\" class=\"attachment-large size-large wp-image-677\" alt=\"\" \/>\t\t\t\t\t\t\t\t\t\t\t\t\t\t\t<\/div>\n\t\t\t\t<\/div>\n\t\t\t\t<div class=\"elementor-element elementor-element-55d433f elementor-align-center elementor-widget elementor-widget-button\" data-id=\"55d433f\" data-element_type=\"widget\" data-widget_type=\"button.default\">\n\t\t\t\t<div class=\"elementor-widget-container\">\n\t\t\t\t\t\t\t\t\t<div class=\"elementor-button-wrapper\">\n\t\t\t\t\t<a class=\"elementor-button elementor-button-link elementor-size-sm\" href=\"https:\/\/sistemas.institutoverbena.ufg.br\/iv\/galeria-de-diretores\/\">\n\t\t\t\t\t\t<span class=\"elementor-button-content-wrapper\">\n\t\t\t\t\t\t\t\t\t<span class=\"elementor-button-text\">Clique aqui<\/span>\n\t\t\t\t\t<\/span>\n\t\t\t\t\t<\/a>\n\t\t\t\t<\/div>\n\t\t\t\t\t\t\t\t<\/div>\n\t\t\t\t<\/div>\n\t\t\t\t<\/div>\n\t\t<div class=\"elementor-element elementor-element-a2fe2f2 e-con-full e-flex e-con e-child\" data-id=\"a2fe2f2\" data-element_type=\"container\">\n\t\t\t\t<div class=\"elementor-element elementor-element-38fd9f0 elementor-widget elementor-widget-image\" data-id=\"38fd9f0\" data-element_type=\"widget\" data-widget_type=\"image.default\">\n\t\t\t\t<div class=\"elementor-widget-container\">\n\t\t\t\t\t\t\t\t\t\t\t\t\t\t\t<img loading=\"lazy\" decoding=\"async\" width=\"370\" height=\"263\" src=\"https:\/\/sistemas.institutoverbena.ufg.br\/iv\/wp-content\/uploads\/2024\/06\/exhi-bition-3.png\" class=\"attachment-large size-large wp-image-678\" alt=\"\" \/>\t\t\t\t\t\t\t\t\t\t\t\t\t\t\t<\/div>\n\t\t\t\t<\/div>\n\t\t\t\t<div class=\"elementor-element elementor-element-6e2b0ba elementor-align-center elementor-widget elementor-widget-button\" data-id=\"6e2b0ba\" data-element_type=\"widget\" data-widget_type=\"button.default\">\n\t\t\t\t<div class=\"elementor-widget-container\">\n\t\t\t\t\t\t\t\t\t<div class=\"elementor-button-wrapper\">\n\t\t\t\t\t<a class=\"elementor-button elementor-button-link elementor-size-sm\" href=\"https:\/\/sistemas.institutoverbena.ufg.br\/iv\/equipe\/\">\n\t\t\t\t\t\t<span class=\"elementor-button-content-wrapper\">\n\t\t\t\t\t\t\t\t\t<span class=\"elementor-button-text\">Clique aqui<\/span>\n\t\t\t\t\t<\/span>\n\t\t\t\t\t<\/a>\n\t\t\t\t<\/div>\n\t\t\t\t\t\t\t\t<\/div>\n\t\t\t\t<\/div>\n\t\t\t\t<\/div>\n\t\t\t\t\t<\/div>\n\t\t\t\t<\/div>\n\t\t<div class=\"elementor-element elementor-element-72ab953 e-flex e-con-boxed e-con e-parent\" data-id=\"72ab953\" data-element_type=\"container\">\n\t\t\t\t\t<div class=\"e-con-inner\">\n\t\t<div class=\"elementor-element elementor-element-b1287fc e-flex e-con-boxed e-con e-child\" data-id=\"b1287fc\" data-element_type=\"container\">\n\t\t\t\t\t<div class=\"e-con-inner\">\n\t\t\t\t<div class=\"elementor-element elementor-element-4b0b427 elementor-widget elementor-widget-image\" data-id=\"4b0b427\" data-element_type=\"widget\" data-widget_type=\"image.default\">\n\t\t\t\t<div class=\"elementor-widget-container\">\n\t\t\t\t\t\t\t\t\t\t\t\t\t\t\t<img loading=\"lazy\" decoding=\"async\" width=\"370\" height=\"263\" src=\"https:\/\/sistemas.institutoverbena.ufg.br\/iv\/wp-content\/uploads\/2024\/06\/exhi-bition-6.png\" class=\"attachment-large size-large wp-image-1000\" alt=\"\" \/>\t\t\t\t\t\t\t\t\t\t\t\t\t\t\t<\/div>\n\t\t\t\t<\/div>\n\t\t\t\t<div class=\"elementor-element elementor-element-4777b8e elementor-widget elementor-widget-image\" data-id=\"4777b8e\" data-element_type=\"widget\" data-widget_type=\"image.default\">\n\t\t\t\t<div class=\"elementor-widget-container\">\n\t\t\t\t\t\t\t\t\t\t\t\t\t\t\t<img loading=\"lazy\" decoding=\"async\" width=\"370\" height=\"263\" src=\"https:\/\/sistemas.institutoverbena.ufg.br\/iv\/wp-content\/uploads\/2024\/06\/4-1.png\" class=\"attachment-large size-large wp-image-989\" alt=\"\" \/>\t\t\t\t\t\t\t\t\t\t\t\t\t\t\t<\/div>\n\t\t\t\t<\/div>\n\t\t\t\t<div class=\"elementor-element elementor-element-8060198 elementor-widget elementor-widget-image\" data-id=\"8060198\" data-element_type=\"widget\" data-widget_type=\"image.default\">\n\t\t\t\t<div class=\"elementor-widget-container\">\n\t\t\t\t\t\t\t\t\t\t\t\t\t\t\t<img loading=\"lazy\" decoding=\"async\" width=\"370\" height=\"263\" src=\"https:\/\/sistemas.institutoverbena.ufg.br\/iv\/wp-content\/uploads\/2024\/06\/3-2.png\" class=\"attachment-large size-large wp-image-988\" alt=\"\" \/>\t\t\t\t\t\t\t\t\t\t\t\t\t\t\t<\/div>\n\t\t\t\t<\/div>\n\t\t\t\t\t<\/div>\n\t\t\t\t<\/div>\n\t\t\t\t\t<\/div>\n\t\t\t\t<\/div>\n\t\t<div class=\"elementor-element elementor-element-f631495 e-flex e-con-boxed e-con e-parent\" data-id=\"f631495\" data-element_type=\"container\">\n\t\t\t\t\t<div class=\"e-con-inner\">\n\t\t<div class=\"elementor-element elementor-element-8046f18 e-flex e-con-boxed e-con e-child\" data-id=\"8046f18\" data-element_type=\"container\">\n\t\t\t\t\t<div class=\"e-con-inner\">\n\t\t\t\t<div class=\"elementor-element elementor-element-5765590 elementor-widget elementor-widget-heading\" data-id=\"5765590\" data-element_type=\"widget\" data-widget_type=\"heading.default\">\n\t\t\t\t<div class=\"elementor-widget-container\">\n\t\t\t\t\t<h2 class=\"elementor-heading-title elementor-size-default\">Expediente 2022-2025<\/h2>\t\t\t\t<\/div>\n\t\t\t\t<\/div>\n\t\t\t\t<div class=\"elementor-element elementor-element-44af896 elementor-widget elementor-widget-text-editor\" data-id=\"44af896\" data-element_type=\"widget\" data-widget_type=\"text-editor.default\">\n\t\t\t\t<div class=\"elementor-widget-container\">\n\t\t\t\t\t\t\t\t\t<p>\u00a0<\/p><p><strong>REITORA<\/strong><\/p><p>Angelita de Pereira Lima<\/p><p>\u00a0<\/p><p><strong>VICE-REITOR<\/strong><\/p><p>Jesiel Freitas Carvalho<\/p><p>\u00a0<\/p><p><strong>DIRETORA EXECUTIVA DO INSTITUTO VERBENA\/UFG<\/strong><\/p><p>Claci F. Weirich Rosso<\/p>\t\t\t\t\t\t\t\t<\/div>\n\t\t\t\t<\/div>\n\t\t\t\t\t<\/div>\n\t\t\t\t<\/div>\n\t\t\t\t\t<\/div>\n\t\t\t\t<\/div>\n\t\t\t\t<\/div>\n\t\t","protected":false},"excerpt":{"rendered":"<p>Sobre o projeto \u00a0 Fatos e Fotos prop\u00f5e resgatar a hist\u00f3ria da Comiss\u00e3o Especial do Concurso Vestibular (CECV), do Centro de Sele\u00e7\u00e3o (CS) e registrar a trajet\u00f3ria do Instituto Verbena\/UFG (IV\/UFG). Este projeto tem como principal objetivo preservar a mem\u00f3ria, celebrar legados e fortalecer o senso de identidade institucional da UFG. Para fazer este resgate [&hellip;]<\/p>\n","protected":false},"author":1,"featured_media":0,"parent":0,"menu_order":0,"comment_status":"closed","ping_status":"closed","template":"elementor_canvas","meta":{"footnotes":""},"class_list":["post-23","page","type-page","status-publish","hentry"],"_links":{"self":[{"href":"https:\/\/sistemas.institutoverbena.ufg.br\/iv\/wp-json\/wp\/v2\/pages\/23","targetHints":{"allow":["GET"]}}],"collection":[{"href":"https:\/\/sistemas.institutoverbena.ufg.br\/iv\/wp-json\/wp\/v2\/pages"}],"about":[{"href":"https:\/\/sistemas.institutoverbena.ufg.br\/iv\/wp-json\/wp\/v2\/types\/page"}],"author":[{"embeddable":true,"href":"https:\/\/sistemas.institutoverbena.ufg.br\/iv\/wp-json\/wp\/v2\/users\/1"}],"replies":[{"embeddable":true,"href":"https:\/\/sistemas.institutoverbena.ufg.br\/iv\/wp-json\/wp\/v2\/comments?post=23"}],"version-history":[{"count":151,"href":"https:\/\/sistemas.institutoverbena.ufg.br\/iv\/wp-json\/wp\/v2\/pages\/23\/revisions"}],"predecessor-version":[{"id":1171,"href":"https:\/\/sistemas.institutoverbena.ufg.br\/iv\/wp-json\/wp\/v2\/pages\/23\/revisions\/1171"}],"wp:attachment":[{"href":"https:\/\/sistemas.institutoverbena.ufg.br\/iv\/wp-json\/wp\/v2\/media?parent=23"}],"curies":[{"name":"wp","href":"https:\/\/api.w.org\/{rel}","templated":true}]}}